{"id":9331,"date":"2026-04-21T11:20:37","date_gmt":"2026-04-21T09:20:37","guid":{"rendered":"https:\/\/voicesofheritage.it\/siviglia-salon-de-actos-i-e-s-heliopolis\/"},"modified":"2026-04-24T17:26:52","modified_gmt":"2026-04-24T15:26:52","slug":"siviglia-salon-de-actos-i-e-s-heliopolis","status":"publish","type":"page","link":"https:\/\/voicesofheritage.it\/en\/siviglia-salon-de-actos-i-e-s-heliopolis\/","title":{"rendered":"Siviglia &#8211; Salon de Actos &#8211; I.E.S. Heli\u00f3polis"},"content":{"rendered":"\t\t<div data-elementor-type=\"wp-page\" data-elementor-id=\"9331\" class=\"elementor elementor-9331 elementor-9231\">\n\t\t\t\t<div class=\"elementor-element elementor-element-508dab5b e-flex e-con-boxed e-con e-parent\" data-id=\"508dab5b\" data-element_type=\"container\">\n\t\t\t\t\t<div class=\"e-con-inner\">\n\t\t\t\t<div class=\"elementor-element elementor-element-253783ef elementor-widget elementor-widget-image\" data-id=\"253783ef\" data-element_type=\"widget\" data-widget_type=\"image.default\">\n\t\t\t\t<div class=\"elementor-widget-container\">\n\t\t\t\t\t\t\t\t\t\t\t\t\t\t\t<img fetchpriority=\"high\" decoding=\"async\" width=\"1600\" height=\"801\" src=\"https:\/\/voicesofheritage.it\/wp-content\/uploads\/2026\/04\/Slide-VoH-EN-Seville.jpg\" class=\"attachment-full size-full wp-image-9356\" alt=\"Slide VoH EN Seville\" srcset=\"https:\/\/voicesofheritage.it\/wp-content\/uploads\/2026\/04\/Slide-VoH-EN-Seville.jpg 1600w, https:\/\/voicesofheritage.it\/wp-content\/uploads\/2026\/04\/Slide-VoH-EN-Seville-300x150.jpg 300w, https:\/\/voicesofheritage.it\/wp-content\/uploads\/2026\/04\/Slide-VoH-EN-Seville-1024x513.jpg 1024w, https:\/\/voicesofheritage.it\/wp-content\/uploads\/2026\/04\/Slide-VoH-EN-Seville-768x384.jpg 768w, https:\/\/voicesofheritage.it\/wp-content\/uploads\/2026\/04\/Slide-VoH-EN-Seville-1536x769.jpg 1536w, https:\/\/voicesofheritage.it\/wp-content\/uploads\/2026\/04\/Slide-VoH-EN-Seville-415x208.jpg 415w, https:\/\/voicesofheritage.it\/wp-content\/uploads\/2026\/04\/Slide-VoH-EN-Seville-650x325.jpg 650w, https:\/\/voicesofheritage.it\/wp-content\/uploads\/2026\/04\/Slide-VoH-EN-Seville-250x125.jpg 250w, https:\/\/voicesofheritage.it\/wp-content\/uploads\/2026\/04\/Slide-VoH-EN-Seville-1200x601.jpg 1200w\" sizes=\"(max-width: 1600px) 100vw, 1600px\" \/>\t\t\t\t\t\t\t\t\t\t\t\t\t\t\t<\/div>\n\t\t\t\t<\/div>\n\t\t\t\t\t<\/div>\n\t\t\t\t<\/div>\n\t\t<div class=\"elementor-element elementor-element-127e037 e-flex e-con-boxed e-con e-parent\" data-id=\"127e037\" data-element_type=\"container\">\n\t\t\t\t\t<div class=\"e-con-inner\">\n\t\t\t\t<div class=\"elementor-element elementor-element-8003da4 elementor-widget elementor-widget-loquet-heading-widget\" data-id=\"8003da4\" data-element_type=\"widget\" data-widget_type=\"loquet-heading-widget.default\">\n\t\t\t\t<div class=\"elementor-widget-container\">\n\t\t\t\t\t<div class=\"gt-module-title gt-style-1 gt-align-left gt-light\"><div class=\"gt-sub-title\"><span>April 30, 2026 at 7:00 PM - Salon de Actos, I.E.S. Heli\u00f3polis - Cl. Guadalbull\u00f3n, 1, 41013 Seville<\/span><\/div><div class=\"gt-title\">Vivaldi\u2019s Four Seasons<\/div><\/div>\t\t\t\t<\/div>\n\t\t\t\t<\/div>\n\t\t\t\t<div class=\"elementor-element elementor-element-f5fb68e elementor-widget elementor-widget-heading\" data-id=\"f5fb68e\" data-element_type=\"widget\" data-widget_type=\"heading.default\">\n\t\t\t\t<div class=\"elementor-widget-container\">\n\t\t\t\t\t<h4 class=\"elementor-heading-title elementor-size-default\">Transcription and Sound Visions<\/h4>\t\t\t\t<\/div>\n\t\t\t\t<\/div>\n\t\t\t\t<div class=\"elementor-element elementor-element-d18ea9a elementor-widget elementor-widget-text-editor\" data-id=\"d18ea9a\" data-element_type=\"widget\" data-widget_type=\"text-editor.default\">\n\t\t\t\t<div class=\"elementor-widget-container\">\n\t\t\t\t\t\t\t\t\t<strong>Salon de Actos, I.E.S. Heli\u00f3polis<\/strong>\n\n<em>Thursday, April 30, 2026 at 7:00 PM<\/em>\n\nCl. Guadalbull\u00f3n, 1, 41013 Seville\t\t\t\t\t\t\t\t<\/div>\n\t\t\t\t<\/div>\n\t\t\t\t<div class=\"elementor-element elementor-element-8ff3923 elementor-widget elementor-widget-text-editor\" data-id=\"8ff3923\" data-element_type=\"widget\" data-widget_type=\"text-editor.default\">\n\t\t\t\t<div class=\"elementor-widget-container\">\n\t\t\t\t\t\t\t\t\t<p>The <strong>State Conservatory of Music \u201cNicola Sala\u201d of Benevento<\/strong>, in collaboration with the <strong>Conservatory of Music \u201cLorenzo Perosi\u201d of Campobasso<\/strong>, as part of the internationalization initiatives envisaged by the <strong>Voices of Heritage project<\/strong>, promotes abroad an innovative artistic-musical initiative based on a contemporary reinterpretation of <strong>The Four Seasons by Antonio Vivaldi<\/strong>.<\/p><p>The initiative is characterized by an interdisciplinary approach that integrates musical performance with new technologies, thanks to the collaboration between <strong>the String Department<\/strong> and <strong>the New Technologies Department<\/strong>. The project offers an immersive experience that combines <strong>music, images, and sound manipulation<\/strong>, enhancing Baroque heritage through contemporary expressive languages.<\/p><p>A distinctive element of the performance is the assignment of the solo role to the cello, within an original interpretative perspective, accompanied by the projection of audiovisual content inspired by <strong>Vivaldi\u2019s Sonnets<\/strong>. This approach amplifies the narrative and descriptive dimension of the work, making it accessible to diverse international audiences.<\/p><p>The project fully aligns with the development strategies of the <strong>AFAM<\/strong> system, aimed at <strong>strengthening the international dimension of artistic and musical education<\/strong>, promoting mobility, cultural cooperation, and the dissemination of Italian artistic production within the European and global context, in line with the guidelines of the <strong>Ministry of University and Research<\/strong> (<strong>MUR<\/strong>) and the National Recovery and Resilience Plan (PNRR).<\/p>\t\t\t\t\t\t\t\t<\/div>\n\t\t\t\t<\/div>\n\t\t\t\t\t<\/div>\n\t\t\t\t<\/div>\n\t\t<div class=\"elementor-element elementor-element-75432294 elementor-hidden-desktop elementor-hidden-tablet elementor-hidden-mobile e-flex e-con-boxed e-con e-parent\" data-id=\"75432294\" data-element_type=\"container\" data-settings=\"{&quot;background_background&quot;:&quot;classic&quot;}\">\n\t\t\t\t\t<div class=\"e-con-inner\">\n\t\t\t\t<div class=\"elementor-element elementor-element-209137f0 elementor-widget elementor-widget-loquet-heading-widget\" data-id=\"209137f0\" data-element_type=\"widget\" data-widget_type=\"loquet-heading-widget.default\">\n\t\t\t\t<div class=\"elementor-widget-container\">\n\t\t\t\t\t<div class=\"gt-module-title gt-style-1 gt-align-center gt-light\"><div class=\"gt-sub-title\"><span>SCARICA IL PDF<\/span><\/div><div class=\"gt-title\">Program book &quot;Le Quattro Stagioni&quot;<\/div><\/div>\t\t\t\t<\/div>\n\t\t\t\t<\/div>\n\t\t\t\t<div class=\"elementor-element elementor-element-438e98d0 elementor-widget elementor-widget-loquet-button-widget\" data-id=\"438e98d0\" data-element_type=\"widget\" data-widget_type=\"loquet-button-widget.default\">\n\t\t\t\t<div class=\"elementor-widget-container\">\n\t\t\t\t\t<div class=\"gt-button gt-style-1 gt-dark gt-align-center gt-flex\"><a href=\"#\" target=\"_blank\"><span>Scarica il program book<\/span><span class=\"gt-icon\"><svg aria-hidden=\"true\" class=\"e-font-icon-svg e-far-file-pdf\" viewBox=\"0 0 384 512\" xmlns=\"http:\/\/www.w3.org\/2000\/svg\"><path d=\"M369.9 97.9L286 14C277 5 264.8-.1 252.1-.1H48C21.5 0 0 21.5 0 48v416c0 26.5 21.5 48 48 48h288c26.5 0 48-21.5 48-48V131.9c0-12.7-5.1-25-14.1-34zM332.1 128H256V51.9l76.1 76.1zM48 464V48h160v104c0 13.3 10.7 24 24 24h104v288H48zm250.2-143.7c-12.2-12-47-8.7-64.4-6.5-17.2-10.5-28.7-25-36.8-46.3 3.9-16.1 10.1-40.6 5.4-56-4.2-26.2-37.8-23.6-42.6-5.9-4.4 16.1-.4 38.5 7 67.1-10 23.9-24.9 56-35.4 74.4-20 10.3-47 26.2-51 46.2-3.3 15.8 26 55.2 76.1-31.2 22.4-7.4 46.8-16.5 68.4-20.1 18.9 10.2 41 17 55.8 17 25.5 0 28-28.2 17.5-38.7zm-198.1 77.8c5.1-13.7 24.5-29.5 30.4-35-19 30.3-30.4 35.7-30.4 35zm81.6-190.6c7.4 0 6.7 32.1 1.8 40.8-4.4-13.9-4.3-40.8-1.8-40.8zm-24.4 136.6c9.7-16.9 18-37 24.7-54.7 8.3 15.1 18.9 27.2 30.1 35.5-20.8 4.3-38.9 13.1-54.8 19.2zm131.6-5s-5 6-37.3-7.8c35.1-2.6 40.9 5.4 37.3 7.8z\"><\/path><\/svg><\/span><\/a><\/div>\t\t\t\t<\/div>\n\t\t\t\t<\/div>\n\t\t\t\t\t<\/div>\n\t\t\t\t<\/div>\n\t\t<div class=\"elementor-element elementor-element-2a334e1f e-flex e-con-boxed e-con e-parent\" data-id=\"2a334e1f\" data-element_type=\"container\">\n\t\t\t\t\t<div class=\"e-con-inner\">\n\t\t\t\t<div class=\"elementor-element elementor-element-24574a90 gallery-spacing-custom elementor-hidden-desktop elementor-hidden-tablet elementor-hidden-mobile elementor-widget elementor-widget-image-gallery\" data-id=\"24574a90\" data-element_type=\"widget\" data-widget_type=\"image-gallery.default\">\n\t\t\t\t<div class=\"elementor-widget-container\">\n\t\t\t\t\t\t\t<div class=\"elementor-image-gallery\">\n\t\t\t\n\t\t<style type=\"text\/css\">\n\t\t\t#gallery-1 {\n\t\t\t\tmargin: auto;\n\t\t\t}\n\t\t\t#gallery-1 .gallery-item {\n\t\t\t\tfloat: left;\n\t\t\t\tmargin-top: 10px;\n\t\t\t\ttext-align: center;\n\t\t\t\twidth: 33%;\n\t\t\t}\n\t\t\t#gallery-1 img {\n\t\t\t\tborder: 2px solid #cfcfcf;\n\t\t\t}\n\t\t\t#gallery-1 .gallery-caption {\n\t\t\t\tmargin-left: 0;\n\t\t\t}\n\t\t\t\/* see gallery_shortcode() in wp-includes\/media.php *\/\n\t\t<\/style>\n\t\t<div id='gallery-1' class='gallery galleryid-9331 gallery-columns-3 gallery-size-full'><dl class='gallery-item'>\n\t\t\t<dt class='gallery-icon landscape'>\n\t\t\t\t<a data-elementor-open-lightbox=\"yes\" data-elementor-lightbox-slideshow=\"24574a90\" data-e-action-hash=\"#elementor-action%3Aaction%3Dlightbox%26settings%3DeyJpZCI6OTIxNSwidXJsIjoiaHR0cHM6XC9cL3ZvaWNlc29maGVyaXRhZ2UuaXRcL3dwLWNvbnRlbnRcL3VwbG9hZHNcLzIwMjZcLzA0XC92b2hfc2l2aWdsaWEuanBnIiwic2xpZGVzaG93IjoiMjQ1NzRhOTAifQ%3D%3D\" href='https:\/\/voicesofheritage.it\/wp-content\/uploads\/2026\/04\/voh_siviglia.jpg'><img decoding=\"async\" width=\"1600\" height=\"800\" src=\"https:\/\/voicesofheritage.it\/wp-content\/uploads\/2026\/04\/voh_siviglia.jpg\" class=\"attachment-full size-full\" alt=\"voh siviglia\" srcset=\"https:\/\/voicesofheritage.it\/wp-content\/uploads\/2026\/04\/voh_siviglia.jpg 1600w, https:\/\/voicesofheritage.it\/wp-content\/uploads\/2026\/04\/voh_siviglia-300x150.jpg 300w, https:\/\/voicesofheritage.it\/wp-content\/uploads\/2026\/04\/voh_siviglia-1024x512.jpg 1024w, https:\/\/voicesofheritage.it\/wp-content\/uploads\/2026\/04\/voh_siviglia-768x384.jpg 768w, https:\/\/voicesofheritage.it\/wp-content\/uploads\/2026\/04\/voh_siviglia-1536x768.jpg 1536w, https:\/\/voicesofheritage.it\/wp-content\/uploads\/2026\/04\/voh_siviglia-415x208.jpg 415w, https:\/\/voicesofheritage.it\/wp-content\/uploads\/2026\/04\/voh_siviglia-650x325.jpg 650w, https:\/\/voicesofheritage.it\/wp-content\/uploads\/2026\/04\/voh_siviglia-250x125.jpg 250w, https:\/\/voicesofheritage.it\/wp-content\/uploads\/2026\/04\/voh_siviglia-1200x600.jpg 1200w\" sizes=\"(max-width: 1600px) 100vw, 1600px\" \/><\/a>\n\t\t\t<\/dt><\/dl>\n\t\t\t<br style='clear: both' \/>\n\t\t<\/div>\n\t\t<\/div>\n\t\t\t\t\t\t<\/div>\n\t\t\t\t<\/div>\n\t\t\t\t\t<\/div>\n\t\t\t\t<\/div>\n\t\t<div class=\"elementor-element elementor-element-5731d434 e-flex e-con-boxed e-con e-parent\" data-id=\"5731d434\" data-element_type=\"container\">\n\t\t\t\t\t<div class=\"e-con-inner\">\n\t\t\t\t<div class=\"elementor-element elementor-element-55a7daf4 elementor-widget elementor-widget-loquet-heading-widget\" data-id=\"55a7daf4\" data-element_type=\"widget\" data-widget_type=\"loquet-heading-widget.default\">\n\t\t\t\t<div class=\"elementor-widget-container\">\n\t\t\t\t\t<div class=\"gt-module-title gt-style-1 gt-align-left gt-light\"><div class=\"gt-sub-title\"><span>CONTACT US <\/span><\/div><div class=\"gt-title\">Fill the form below<\/div><\/div>\t\t\t\t<\/div>\n\t\t\t\t<\/div>\n\t\t\t\t<div class=\"elementor-element elementor-element-d59604 elementor-widget elementor-widget-shortcode\" data-id=\"d59604\" data-element_type=\"widget\" data-widget_type=\"shortcode.default\">\n\t\t\t\t<div class=\"elementor-widget-container\">\n\t\t\t\t\t\t\t<div class=\"elementor-shortcode\">\n<div class=\"wpcf7 no-js\" id=\"wpcf7-f8136-o1\" lang=\"it-IT\" dir=\"ltr\" data-wpcf7-id=\"8136\">\n<div class=\"screen-reader-response\"><p role=\"status\" aria-live=\"polite\" aria-atomic=\"true\"><\/p> <ul><\/ul><\/div>\n<form action=\"\/en\/wp-json\/wp\/v2\/pages\/9331#wpcf7-f8136-o1\" method=\"post\" class=\"wpcf7-form init\" aria-label=\"Modulo di contatto\" novalidate=\"novalidate\" data-status=\"init\">\n<fieldset class=\"hidden-fields-container\"><input type=\"hidden\" name=\"_wpcf7\" value=\"8136\" \/><input type=\"hidden\" name=\"_wpcf7_version\" value=\"6.1.5\" \/><input type=\"hidden\" name=\"_wpcf7_locale\" value=\"it_IT\" \/><input type=\"hidden\" name=\"_wpcf7_unit_tag\" value=\"wpcf7-f8136-o1\" \/><input type=\"hidden\" name=\"_wpcf7_container_post\" value=\"0\" \/><input type=\"hidden\" name=\"_wpcf7_posted_data_hash\" value=\"\" \/>\n<\/fieldset>\n<label> * Full name\n    <span class=\"wpcf7-form-control-wrap\" data-name=\"your-name\"><input size=\"40\" maxlength=\"400\" class=\"wpcf7-form-control wpcf7-text wpcf7-validates-as-required\" autocomplete=\"name\" aria-required=\"true\" aria-invalid=\"false\" placeholder=\"* Full name\" value=\"\" type=\"text\" name=\"your-name\" \/><\/span> <\/label>\n\n<label> * E-mail address\n    <span class=\"wpcf7-form-control-wrap\" data-name=\"your-email\"><input size=\"40\" maxlength=\"400\" class=\"wpcf7-form-control wpcf7-email wpcf7-validates-as-required wpcf7-text wpcf7-validates-as-email\" autocomplete=\"email\" aria-required=\"true\" aria-invalid=\"false\" placeholder=\"* E-mail address\" value=\"\" type=\"email\" name=\"your-email\" \/><\/span> <\/label>\n\n<label> * Your message\n    <span class=\"wpcf7-form-control-wrap\" data-name=\"your-message\"><textarea cols=\"40\" rows=\"10\" maxlength=\"2000\" class=\"wpcf7-form-control wpcf7-textarea wpcf7-validates-as-required\" aria-required=\"true\" aria-invalid=\"false\" placeholder=\"* Your message\" name=\"your-message\"><\/textarea><\/span> <\/label>\n\n<input class=\"wpcf7-form-control wpcf7-submit has-spinner\" type=\"submit\" value=\"Send\" \/><div class=\"wpcf7-response-output\" aria-hidden=\"true\"><\/div>\n<\/form>\n<\/div>\n<\/div>\n\t\t\t\t\t\t<\/div>\n\t\t\t\t<\/div>\n\t\t\t\t\t<\/div>\n\t\t\t\t<\/div>\n\t\t\t\t<\/div>\n\t\t","protected":false},"excerpt":{"rendered":"<p>April 30, 2026 at 7:00 PM &#8211; Salon de Actos, I.E.S. Heli\u00f3polis &#8211; Cl. Guadalbull\u00f3n, 1, 41013 SevilleVivaldi\u2019s Four Seasons Transcription and Sound Visions Salon de Actos, I.E.S. Heli\u00f3polis Thursday, April 30, 2026 at 7:00 PM Cl. Guadalbull\u00f3n, 1, 41013 Seville&#8230;<\/p>\n","protected":false},"author":1,"featured_media":0,"parent":0,"menu_order":0,"comment_status":"closed","ping_status":"closed","template":"","meta":{"footnotes":""},"class_list":["post-9331","page","type-page","status-publish","hentry"],"yoast_head":"<!-- This site is optimized with the Yoast SEO plugin v27.4 - https:\/\/yoast.com\/product\/yoast-seo-wordpress\/ -->\n<title>Siviglia - Salon de Actos - I.E.S. Heli\u00f3polis - Voices of Heritage<\/title>\n<meta name=\"robots\" content=\"index, follow, max-snippet:-1, max-image-preview:large, max-video-preview:-1\" \/>\n<link rel=\"canonical\" href=\"https:\/\/voicesofheritage.it\/en\/siviglia-salon-de-actos-i-e-s-heliopolis\/\" \/>\n<meta property=\"og:locale\" content=\"en_US\" \/>\n<meta property=\"og:type\" content=\"article\" \/>\n<meta property=\"og:title\" content=\"Siviglia - Salon de Actos - I.E.S. Heli\u00f3polis - Voices of Heritage\" \/>\n<meta property=\"og:description\" content=\"April 30, 2026 at 7:00 PM &#8211; Salon de Actos, I.E.S. Heli\u00f3polis &#8211; Cl. Guadalbull\u00f3n, 1, 41013 SevilleVivaldi\u2019s Four Seasons Transcription and Sound Visions Salon de Actos, I.E.S. Heli\u00f3polis Thursday, April 30, 2026 at 7:00 PM Cl. Guadalbull\u00f3n, 1, 41013 Seville...\" \/>\n<meta property=\"og:url\" content=\"https:\/\/voicesofheritage.it\/en\/siviglia-salon-de-actos-i-e-s-heliopolis\/\" \/>\n<meta property=\"og:site_name\" content=\"Voices of Heritage\" \/>\n<meta property=\"article:publisher\" content=\"https:\/\/www.facebook.com\/VoicesofHeritage.fb\" \/>\n<meta property=\"article:modified_time\" content=\"2026-04-24T15:26:52+00:00\" \/>\n<meta property=\"og:image\" content=\"https:\/\/voicesofheritage.it\/wp-content\/uploads\/2026\/04\/Slide-VoH-EN-Seville.jpg\" \/>\n\t<meta property=\"og:image:width\" content=\"1600\" \/>\n\t<meta property=\"og:image:height\" content=\"801\" \/>\n\t<meta property=\"og:image:type\" content=\"image\/jpeg\" \/>\n<meta name=\"twitter:card\" content=\"summary_large_image\" \/>\n<meta name=\"twitter:label1\" content=\"Est. reading time\" \/>\n\t<meta name=\"twitter:data1\" content=\"2 minutes\" \/>\n<script type=\"application\/ld+json\" class=\"yoast-schema-graph\">{\"@context\":\"https:\\\/\\\/schema.org\",\"@graph\":[{\"@type\":\"WebPage\",\"@id\":\"https:\\\/\\\/voicesofheritage.it\\\/en\\\/siviglia-salon-de-actos-i-e-s-heliopolis\\\/\",\"url\":\"https:\\\/\\\/voicesofheritage.it\\\/en\\\/siviglia-salon-de-actos-i-e-s-heliopolis\\\/\",\"name\":\"Siviglia - Salon de Actos - I.E.S. Heli\u00f3polis - Voices of Heritage\",\"isPartOf\":{\"@id\":\"https:\\\/\\\/voicesofheritage.it\\\/#website\"},\"primaryImageOfPage\":{\"@id\":\"https:\\\/\\\/voicesofheritage.it\\\/en\\\/siviglia-salon-de-actos-i-e-s-heliopolis\\\/#primaryimage\"},\"image\":{\"@id\":\"https:\\\/\\\/voicesofheritage.it\\\/en\\\/siviglia-salon-de-actos-i-e-s-heliopolis\\\/#primaryimage\"},\"thumbnailUrl\":\"https:\\\/\\\/voicesofheritage.it\\\/wp-content\\\/uploads\\\/2026\\\/04\\\/Slide-VoH-EN-Seville.jpg\",\"datePublished\":\"2026-04-21T09:20:37+00:00\",\"dateModified\":\"2026-04-24T15:26:52+00:00\",\"breadcrumb\":{\"@id\":\"https:\\\/\\\/voicesofheritage.it\\\/en\\\/siviglia-salon-de-actos-i-e-s-heliopolis\\\/#breadcrumb\"},\"inLanguage\":\"en-US\",\"potentialAction\":[{\"@type\":\"ReadAction\",\"target\":[\"https:\\\/\\\/voicesofheritage.it\\\/en\\\/siviglia-salon-de-actos-i-e-s-heliopolis\\\/\"]}]},{\"@type\":\"ImageObject\",\"inLanguage\":\"en-US\",\"@id\":\"https:\\\/\\\/voicesofheritage.it\\\/en\\\/siviglia-salon-de-actos-i-e-s-heliopolis\\\/#primaryimage\",\"url\":\"https:\\\/\\\/voicesofheritage.it\\\/wp-content\\\/uploads\\\/2026\\\/04\\\/Slide-VoH-EN-Seville.jpg\",\"contentUrl\":\"https:\\\/\\\/voicesofheritage.it\\\/wp-content\\\/uploads\\\/2026\\\/04\\\/Slide-VoH-EN-Seville.jpg\"},{\"@type\":\"BreadcrumbList\",\"@id\":\"https:\\\/\\\/voicesofheritage.it\\\/en\\\/siviglia-salon-de-actos-i-e-s-heliopolis\\\/#breadcrumb\",\"itemListElement\":[{\"@type\":\"ListItem\",\"position\":1,\"name\":\"Home\",\"item\":\"https:\\\/\\\/voicesofheritage.it\\\/en\\\/\"},{\"@type\":\"ListItem\",\"position\":2,\"name\":\"Siviglia &#8211; Salon de Actos &#8211; I.E.S. Heli\u00f3polis\"}]},{\"@type\":\"WebSite\",\"@id\":\"https:\\\/\\\/voicesofheritage.it\\\/#website\",\"url\":\"https:\\\/\\\/voicesofheritage.it\\\/\",\"name\":\"Voices of Heritage\",\"description\":\"\",\"publisher\":{\"@id\":\"https:\\\/\\\/voicesofheritage.it\\\/#organization\"},\"potentialAction\":[{\"@type\":\"SearchAction\",\"target\":{\"@type\":\"EntryPoint\",\"urlTemplate\":\"https:\\\/\\\/voicesofheritage.it\\\/?s={search_term_string}\"},\"query-input\":{\"@type\":\"PropertyValueSpecification\",\"valueRequired\":true,\"valueName\":\"search_term_string\"}}],\"inLanguage\":\"en-US\"},{\"@type\":\"Organization\",\"@id\":\"https:\\\/\\\/voicesofheritage.it\\\/#organization\",\"name\":\"Voices of Heritage\",\"alternateName\":\"VOH\",\"url\":\"https:\\\/\\\/voicesofheritage.it\\\/\",\"logo\":{\"@type\":\"ImageObject\",\"inLanguage\":\"en-US\",\"@id\":\"https:\\\/\\\/voicesofheritage.it\\\/#\\\/schema\\\/logo\\\/image\\\/\",\"url\":\"https:\\\/\\\/voicesofheritage.it\\\/wp-content\\\/uploads\\\/2024\\\/11\\\/logo_intro_voices_of_heritage.png\",\"contentUrl\":\"https:\\\/\\\/voicesofheritage.it\\\/wp-content\\\/uploads\\\/2024\\\/11\\\/logo_intro_voices_of_heritage.png\",\"width\":600,\"height\":300,\"caption\":\"Voices of Heritage\"},\"image\":{\"@id\":\"https:\\\/\\\/voicesofheritage.it\\\/#\\\/schema\\\/logo\\\/image\\\/\"},\"sameAs\":[\"https:\\\/\\\/www.facebook.com\\\/VoicesofHeritage.fb\",\"https:\\\/\\\/www.instagram.com\\\/voices.of.heritage\\\/\",\"https:\\\/\\\/www.youtube.com\\\/@VoicesOfHeritage\",\"https:\\\/\\\/www.linkedin.com\\\/company\\\/voicesofheritage\\\/\"]}]}<\/script>\n<!-- \/ Yoast SEO plugin. -->","yoast_head_json":{"title":"Siviglia - Salon de Actos - I.E.S. Heli\u00f3polis - Voices of Heritage","robots":{"index":"index","follow":"follow","max-snippet":"max-snippet:-1","max-image-preview":"max-image-preview:large","max-video-preview":"max-video-preview:-1"},"canonical":"https:\/\/voicesofheritage.it\/en\/siviglia-salon-de-actos-i-e-s-heliopolis\/","og_locale":"en_US","og_type":"article","og_title":"Siviglia - Salon de Actos - I.E.S. Heli\u00f3polis - Voices of Heritage","og_description":"April 30, 2026 at 7:00 PM &#8211; Salon de Actos, I.E.S. Heli\u00f3polis &#8211; Cl. Guadalbull\u00f3n, 1, 41013 SevilleVivaldi\u2019s Four Seasons Transcription and Sound Visions Salon de Actos, I.E.S. Heli\u00f3polis Thursday, April 30, 2026 at 7:00 PM Cl. Guadalbull\u00f3n, 1, 41013 Seville...","og_url":"https:\/\/voicesofheritage.it\/en\/siviglia-salon-de-actos-i-e-s-heliopolis\/","og_site_name":"Voices of Heritage","article_publisher":"https:\/\/www.facebook.com\/VoicesofHeritage.fb","article_modified_time":"2026-04-24T15:26:52+00:00","og_image":[{"width":1600,"height":801,"url":"https:\/\/voicesofheritage.it\/wp-content\/uploads\/2026\/04\/Slide-VoH-EN-Seville.jpg","type":"image\/jpeg"}],"twitter_card":"summary_large_image","twitter_misc":{"Est. reading time":"2 minutes"},"schema":{"@context":"https:\/\/schema.org","@graph":[{"@type":"WebPage","@id":"https:\/\/voicesofheritage.it\/en\/siviglia-salon-de-actos-i-e-s-heliopolis\/","url":"https:\/\/voicesofheritage.it\/en\/siviglia-salon-de-actos-i-e-s-heliopolis\/","name":"Siviglia - Salon de Actos - I.E.S. Heli\u00f3polis - Voices of Heritage","isPartOf":{"@id":"https:\/\/voicesofheritage.it\/#website"},"primaryImageOfPage":{"@id":"https:\/\/voicesofheritage.it\/en\/siviglia-salon-de-actos-i-e-s-heliopolis\/#primaryimage"},"image":{"@id":"https:\/\/voicesofheritage.it\/en\/siviglia-salon-de-actos-i-e-s-heliopolis\/#primaryimage"},"thumbnailUrl":"https:\/\/voicesofheritage.it\/wp-content\/uploads\/2026\/04\/Slide-VoH-EN-Seville.jpg","datePublished":"2026-04-21T09:20:37+00:00","dateModified":"2026-04-24T15:26:52+00:00","breadcrumb":{"@id":"https:\/\/voicesofheritage.it\/en\/siviglia-salon-de-actos-i-e-s-heliopolis\/#breadcrumb"},"inLanguage":"en-US","potentialAction":[{"@type":"ReadAction","target":["https:\/\/voicesofheritage.it\/en\/siviglia-salon-de-actos-i-e-s-heliopolis\/"]}]},{"@type":"ImageObject","inLanguage":"en-US","@id":"https:\/\/voicesofheritage.it\/en\/siviglia-salon-de-actos-i-e-s-heliopolis\/#primaryimage","url":"https:\/\/voicesofheritage.it\/wp-content\/uploads\/2026\/04\/Slide-VoH-EN-Seville.jpg","contentUrl":"https:\/\/voicesofheritage.it\/wp-content\/uploads\/2026\/04\/Slide-VoH-EN-Seville.jpg"},{"@type":"BreadcrumbList","@id":"https:\/\/voicesofheritage.it\/en\/siviglia-salon-de-actos-i-e-s-heliopolis\/#breadcrumb","itemListElement":[{"@type":"ListItem","position":1,"name":"Home","item":"https:\/\/voicesofheritage.it\/en\/"},{"@type":"ListItem","position":2,"name":"Siviglia &#8211; Salon de Actos &#8211; I.E.S. Heli\u00f3polis"}]},{"@type":"WebSite","@id":"https:\/\/voicesofheritage.it\/#website","url":"https:\/\/voicesofheritage.it\/","name":"Voices of Heritage","description":"","publisher":{"@id":"https:\/\/voicesofheritage.it\/#organization"},"potentialAction":[{"@type":"SearchAction","target":{"@type":"EntryPoint","urlTemplate":"https:\/\/voicesofheritage.it\/?s={search_term_string}"},"query-input":{"@type":"PropertyValueSpecification","valueRequired":true,"valueName":"search_term_string"}}],"inLanguage":"en-US"},{"@type":"Organization","@id":"https:\/\/voicesofheritage.it\/#organization","name":"Voices of Heritage","alternateName":"VOH","url":"https:\/\/voicesofheritage.it\/","logo":{"@type":"ImageObject","inLanguage":"en-US","@id":"https:\/\/voicesofheritage.it\/#\/schema\/logo\/image\/","url":"https:\/\/voicesofheritage.it\/wp-content\/uploads\/2024\/11\/logo_intro_voices_of_heritage.png","contentUrl":"https:\/\/voicesofheritage.it\/wp-content\/uploads\/2024\/11\/logo_intro_voices_of_heritage.png","width":600,"height":300,"caption":"Voices of Heritage"},"image":{"@id":"https:\/\/voicesofheritage.it\/#\/schema\/logo\/image\/"},"sameAs":["https:\/\/www.facebook.com\/VoicesofHeritage.fb","https:\/\/www.instagram.com\/voices.of.heritage\/","https:\/\/www.youtube.com\/@VoicesOfHeritage","https:\/\/www.linkedin.com\/company\/voicesofheritage\/"]}]}},"_links":{"self":[{"href":"https:\/\/voicesofheritage.it\/en\/wp-json\/wp\/v2\/pages\/9331","targetHints":{"allow":["GET"]}}],"collection":[{"href":"https:\/\/voicesofheritage.it\/en\/wp-json\/wp\/v2\/pages"}],"about":[{"href":"https:\/\/voicesofheritage.it\/en\/wp-json\/wp\/v2\/types\/page"}],"author":[{"embeddable":true,"href":"https:\/\/voicesofheritage.it\/en\/wp-json\/wp\/v2\/users\/1"}],"replies":[{"embeddable":true,"href":"https:\/\/voicesofheritage.it\/en\/wp-json\/wp\/v2\/comments?post=9331"}],"version-history":[{"count":7,"href":"https:\/\/voicesofheritage.it\/en\/wp-json\/wp\/v2\/pages\/9331\/revisions"}],"predecessor-version":[{"id":9360,"href":"https:\/\/voicesofheritage.it\/en\/wp-json\/wp\/v2\/pages\/9331\/revisions\/9360"}],"wp:attachment":[{"href":"https:\/\/voicesofheritage.it\/en\/wp-json\/wp\/v2\/media?parent=9331"}],"curies":[{"name":"wp","href":"https:\/\/api.w.org\/{rel}","templated":true}]}}